{"id":75,"date":"2019-09-25T09:03:56","date_gmt":"2019-09-25T09:03:56","guid":{"rendered":"http:\/\/3.98.31.124\/?page_id=75"},"modified":"2024-10-14T17:55:50","modified_gmt":"2024-10-14T17:55:50","slug":"breed-info","status":"publish","type":"page","link":"http:\/\/greatgatsby.ca\/en\/breed-info\/","title":{"rendered":"Breed Info"},"content":{"rendered":"<div data-elementor-type=\"wp-page\" data-elementor-id=\"75\" class=\"elementor elementor-75\" data-elementor-settings=\"[]\">\n\t\t\t\t\t\t<div class=\"elementor-inner\">\n\t\t\t\t\t\t\t<div class=\"elementor-section-wrap\">\n\t\t\t\t\t\t\t<section class=\"elementor-section elementor-top-section elementor-element elementor-element-256cef4b animated-fast elementor-section-boxed elementor-section-height-default elementor-section-height-default elementor-invisible\" data-id=\"256cef4b\" data-element_type=\"section\" data-settings=\"{&quot;animation&quot;:&quot;fadeIn&quot;}\">\n\t\t\t\t\t\t<div class=\"elementor-container elementor-column-gap-no\">\n\t\t\t\t\t\t\t<div class=\"elementor-row\">\n\t\t\t\t\t<div class=\"elementor-column elementor-col-100 elementor-top-column elementor-element elementor-element-2344a60b\" data-id=\"2344a60b\" data-element_type=\"column\" data-settings=\"{&quot;background_background&quot;:&quot;classic&quot;}\">\n\t\t\t<div class=\"elementor-column-wrap elementor-element-populated\">\n\t\t\t\t\t<div class=\"elementor-background-overlay\"><\/div>\n\t\t\t\t\t\t\t<div class=\"elementor-widget-wrap\">\n\t\t\t\t\t\t<div class=\"elementor-element elementor-element-72d14d0 animated-fast elementor-invisible elementor-widget elementor-widget-heading\" data-id=\"72d14d0\" data-element_type=\"widget\" data-settings=\"{&quot;_animation&quot;:&quot;fadeInUp&quot;,&quot;_animation_delay&quot;:100}\" data-widget_type=\"heading.default\">\n\t\t\t\t<div class=\"elementor-widget-container\">\n\t\t\t<h1 class=\"elementor-heading-title elementor-size-default\">Tips<\/h1>\t\t<\/div>\n\t\t\t\t<\/div>\n\t\t\t\t<div class=\"elementor-element elementor-element-1d8521b5 animated-fast elementor-invisible elementor-widget elementor-widget-image\" data-id=\"1d8521b5\" data-element_type=\"widget\" data-settings=\"{&quot;_animation&quot;:&quot;fadeInUp&quot;,&quot;_animation_delay&quot;:200}\" data-widget_type=\"image.default\">\n\t\t\t\t<div class=\"elementor-widget-container\">\n\t\t\t\t\t\t\t\t<div class=\"elementor-image\">\n\t\t\t\t\t\t\t\t\t\t\t\t<img src=\"http:\/\/greatgatsby.ca\/wp-content\/uploads\/2019\/09\/divider_03.svg\" class=\"attachment-full size-full\" alt=\"\" loading=\"lazy\" \/>\t\t\t\t\t\t\t\t\t\t\t\t\t\t<\/div>\n\t\t\t\t\t\t<\/div>\n\t\t\t\t<\/div>\n\t\t\t\t\t\t<\/div>\n\t\t\t\t\t<\/div>\n\t\t<\/div>\n\t\t\t\t\t\t\t\t<\/div>\n\t\t\t\t\t<\/div>\n\t\t<\/section>\n\t\t\t\t<section class=\"elementor-section elementor-top-section elementor-element elementor-element-dc24532 elementor-section-boxed elementor-section-height-default elementor-section-height-default\" data-id=\"dc24532\" data-element_type=\"section\">\n\t\t\t\t\t\t<div class=\"elementor-container elementor-column-gap-default\">\n\t\t\t\t\t\t\t<div class=\"elementor-row\">\n\t\t\t\t\t<div class=\"elementor-column elementor-col-100 elementor-top-column elementor-element elementor-element-d9150ee\" data-id=\"d9150ee\" data-element_type=\"column\">\n\t\t\t<div class=\"elementor-column-wrap elementor-element-populated\">\n\t\t\t\t\t\t\t<div class=\"elementor-widget-wrap\">\n\t\t\t\t\t\t<section class=\"elementor-section elementor-inner-section elementor-element elementor-element-48323c9 elementor-section-boxed elementor-section-height-default elementor-section-height-default\" data-id=\"48323c9\" data-element_type=\"section\">\n\t\t\t\t\t\t<div class=\"elementor-container elementor-column-gap-default\">\n\t\t\t\t\t\t\t<div class=\"elementor-row\">\n\t\t\t\t\t<div class=\"elementor-column elementor-col-50 elementor-inner-column elementor-element elementor-element-86aa982\" data-id=\"86aa982\" data-element_type=\"column\">\n\t\t\t<div class=\"elementor-column-wrap elementor-element-populated\">\n\t\t\t\t\t\t\t<div class=\"elementor-widget-wrap\">\n\t\t\t\t\t\t<div class=\"elementor-element elementor-element-672f4dc elementor-widget elementor-widget-text-editor\" data-id=\"672f4dc\" data-element_type=\"widget\" data-widget_type=\"text-editor.default\">\n\t\t\t\t<div class=\"elementor-widget-container\">\n\t\t\t\t\t\t\t\t<div class=\"elementor-text-editor elementor-clearfix\">\n\t\t\t\t<p><strong>Introduction au Maine Coon<\/strong><br \/>Le Maine Coon est une des races de chats les plus populaires et reconnaissables au monde. Connu pour sa grande taille et sa personnalit\u00e9 attachante, ce chat robuste est originaire du nord-est des \u00c9tats-Unis. Avec son pelage \u00e9pais et imperm\u00e9able, son allure royale, et ses traits uniques comme ses touffes de poils au bout des oreilles, le Maine Coon ne passe jamais inaper\u00e7u. Tr\u00e8s appr\u00e9ci\u00e9 pour sa douceur et son temp\u00e9rament joueur, il s\u2019adapte bien \u00e0 la vie de famille et cohabite facilement avec les enfants et autres animaux.<\/p>\t\t\t\t\t<\/div>\n\t\t\t\t\t\t<\/div>\n\t\t\t\t<\/div>\n\t\t\t\t\t\t<\/div>\n\t\t\t\t\t<\/div>\n\t\t<\/div>\n\t\t\t\t<div class=\"elementor-column elementor-col-50 elementor-inner-column elementor-element elementor-element-28b667c\" data-id=\"28b667c\" data-element_type=\"column\">\n\t\t\t<div class=\"elementor-column-wrap elementor-element-populated\">\n\t\t\t\t\t\t\t<div class=\"elementor-widget-wrap\">\n\t\t\t\t\t\t<div class=\"elementor-element elementor-element-c73a4c8 elementor-widget elementor-widget-image\" data-id=\"c73a4c8\" data-element_type=\"widget\" data-widget_type=\"image.default\">\n\t\t\t\t<div class=\"elementor-widget-container\">\n\t\t\t\t\t\t\t\t<div class=\"elementor-image\">\n\t\t\t\t\t\t\t\t\t\t\t\t<img width=\"902\" height=\"674\" src=\"http:\/\/greatgatsby.ca\/wp-content\/uploads\/2024\/09\/IMG_9648.jpeg\" class=\"attachment-large size-large\" alt=\"\" loading=\"lazy\" srcset=\"http:\/\/greatgatsby.ca\/wp-content\/uploads\/2024\/09\/IMG_9648.jpeg 902w, http:\/\/greatgatsby.ca\/wp-content\/uploads\/2024\/09\/IMG_9648-300x224.jpeg 300w, http:\/\/greatgatsby.ca\/wp-content\/uploads\/2024\/09\/IMG_9648-768x574.jpeg 768w, http:\/\/greatgatsby.ca\/wp-content\/uploads\/2024\/09\/IMG_9648-900x674.jpeg 900w\" sizes=\"(max-width: 902px) 100vw, 902px\" \/>\t\t\t\t\t\t\t\t\t\t\t\t\t\t<\/div>\n\t\t\t\t\t\t<\/div>\n\t\t\t\t<\/div>\n\t\t\t\t\t\t<\/div>\n\t\t\t\t\t<\/div>\n\t\t<\/div>\n\t\t\t\t\t\t\t\t<\/div>\n\t\t\t\t\t<\/div>\n\t\t<\/section>\n\t\t\t\t<section class=\"elementor-section elementor-inner-section elementor-element elementor-element-1d08f82 elementor-section-boxed elementor-section-height-default elementor-section-height-default\" data-id=\"1d08f82\" data-element_type=\"section\">\n\t\t\t\t\t\t<div class=\"elementor-container elementor-column-gap-default\">\n\t\t\t\t\t\t\t<div class=\"elementor-row\">\n\t\t\t\t\t<div class=\"elementor-column elementor-col-50 elementor-inner-column elementor-element elementor-element-3b03b80\" data-id=\"3b03b80\" data-element_type=\"column\">\n\t\t\t<div class=\"elementor-column-wrap elementor-element-populated\">\n\t\t\t\t\t\t\t<div class=\"elementor-widget-wrap\">\n\t\t\t\t\t\t<div class=\"elementor-element elementor-element-0237b7e elementor-widget elementor-widget-image\" data-id=\"0237b7e\" data-element_type=\"widget\" data-widget_type=\"image.default\">\n\t\t\t\t<div class=\"elementor-widget-container\">\n\t\t\t\t\t\t\t\t<div class=\"elementor-image\">\n\t\t\t\t\t\t\t\t\t\t\t\t<img width=\"1024\" height=\"683\" src=\"http:\/\/greatgatsby.ca\/wp-content\/uploads\/2021\/09\/AA6DB917-548E-4925-BD95-33350396368B-1024x683.jpeg\" class=\"attachment-large size-large\" alt=\"\" loading=\"lazy\" srcset=\"http:\/\/greatgatsby.ca\/wp-content\/uploads\/2021\/09\/AA6DB917-548E-4925-BD95-33350396368B-1024x683.jpeg 1024w, http:\/\/greatgatsby.ca\/wp-content\/uploads\/2021\/09\/AA6DB917-548E-4925-BD95-33350396368B-300x200.jpeg 300w, http:\/\/greatgatsby.ca\/wp-content\/uploads\/2021\/09\/AA6DB917-548E-4925-BD95-33350396368B-768x512.jpeg 768w\" sizes=\"(max-width: 1024px) 100vw, 1024px\" \/>\t\t\t\t\t\t\t\t\t\t\t\t\t\t<\/div>\n\t\t\t\t\t\t<\/div>\n\t\t\t\t<\/div>\n\t\t\t\t\t\t<\/div>\n\t\t\t\t\t<\/div>\n\t\t<\/div>\n\t\t\t\t<div class=\"elementor-column elementor-col-50 elementor-inner-column elementor-element elementor-element-38972a3\" data-id=\"38972a3\" data-element_type=\"column\">\n\t\t\t<div class=\"elementor-column-wrap elementor-element-populated\">\n\t\t\t\t\t\t\t<div class=\"elementor-widget-wrap\">\n\t\t\t\t\t\t<div class=\"elementor-element elementor-element-aabe21f elementor-widget elementor-widget-text-editor\" data-id=\"aabe21f\" data-element_type=\"widget\" data-widget_type=\"text-editor.default\">\n\t\t\t\t<div class=\"elementor-widget-container\">\n\t\t\t\t\t\t\t\t<div class=\"elementor-text-editor elementor-clearfix\">\n\t\t\t\t<p><strong>Caract\u00e9ristiques physiques<\/strong><br \/>Un des traits distinctifs du Maine Coon est sa taille impressionnante : c&rsquo;est l&rsquo;une des plus grandes races de chats domestiques. Les m\u00e2les peuvent peser entre 6 et 9 kilos, voire plus, tandis que les femelles se situent entre 4 et 6 kilos. Leur pelage, souvent mi-long, n\u00e9cessite un entretien r\u00e9gulier. Les couleurs varient \u00e9norm\u00e9ment, mais ils ont g\u00e9n\u00e9ralement un regard expressif et des yeux en forme d\u2019amande, qui ajoutent \u00e0 leur charme unique. Leur queue touffue et longue est un autre signe distinctif.<\/p>\t\t\t\t\t<\/div>\n\t\t\t\t\t\t<\/div>\n\t\t\t\t<\/div>\n\t\t\t\t\t\t<\/div>\n\t\t\t\t\t<\/div>\n\t\t<\/div>\n\t\t\t\t\t\t\t\t<\/div>\n\t\t\t\t\t<\/div>\n\t\t<\/section>\n\t\t\t\t<section class=\"elementor-section elementor-inner-section elementor-element elementor-element-e08c2cf elementor-section-boxed elementor-section-height-default elementor-section-height-default\" data-id=\"e08c2cf\" data-element_type=\"section\">\n\t\t\t\t\t\t<div class=\"elementor-container elementor-column-gap-default\">\n\t\t\t\t\t\t\t<div class=\"elementor-row\">\n\t\t\t\t\t<div class=\"elementor-column elementor-col-50 elementor-inner-column elementor-element elementor-element-b2d155e\" data-id=\"b2d155e\" data-element_type=\"column\">\n\t\t\t<div class=\"elementor-column-wrap elementor-element-populated\">\n\t\t\t\t\t\t\t<div class=\"elementor-widget-wrap\">\n\t\t\t\t\t\t<div class=\"elementor-element elementor-element-156b1e7 elementor-widget elementor-widget-text-editor\" data-id=\"156b1e7\" data-element_type=\"widget\" data-widget_type=\"text-editor.default\">\n\t\t\t\t<div class=\"elementor-widget-container\">\n\t\t\t\t\t\t\t\t<div class=\"elementor-text-editor elementor-clearfix\">\n\t\t\t\t<p><strong>Personnalit\u00e9 et comportement<\/strong><br \/>Le Maine Coon est souvent surnomm\u00e9 le \u00ab\u00a0gentil g\u00e9ant\u00a0\u00bb en raison de son temp\u00e9rament affectueux et calme. Contrairement \u00e0 d&rsquo;autres races, il est moins susceptible de devenir distant ou ind\u00e9pendant. Il adore passer du temps avec ses humains, mais n&rsquo;est pas particuli\u00e8rement envahissant. Ce chat intelligent aime jouer et r\u00e9soudre des \u00e9nigmes, ce qui en fait un compagnon actif. De plus, sa capacit\u00e9 \u00e0 vocaliser de mani\u00e8re douce (souvent par des petits \u00ab\u00a0babillements\u00a0\u00bb) permet une communication amusante et agr\u00e9able avec ses propri\u00e9taires.<\/p>\t\t\t\t\t<\/div>\n\t\t\t\t\t\t<\/div>\n\t\t\t\t<\/div>\n\t\t\t\t\t\t<\/div>\n\t\t\t\t\t<\/div>\n\t\t<\/div>\n\t\t\t\t<div class=\"elementor-column elementor-col-50 elementor-inner-column elementor-element elementor-element-315eecc\" data-id=\"315eecc\" data-element_type=\"column\">\n\t\t\t<div class=\"elementor-column-wrap elementor-element-populated\">\n\t\t\t\t\t\t\t<div class=\"elementor-widget-wrap\">\n\t\t\t\t\t\t<div class=\"elementor-element elementor-element-7148716 elementor-widget elementor-widget-image\" data-id=\"7148716\" data-element_type=\"widget\" data-widget_type=\"image.default\">\n\t\t\t\t<div class=\"elementor-widget-container\">\n\t\t\t\t\t\t\t\t<div class=\"elementor-image\">\n\t\t\t\t\t\t\t\t\t\t\t\t<img width=\"1024\" height=\"576\" src=\"http:\/\/greatgatsby.ca\/wp-content\/uploads\/2024\/10\/IMG_0241-1024x576.jpeg\" class=\"attachment-large size-large\" alt=\"\" loading=\"lazy\" srcset=\"http:\/\/greatgatsby.ca\/wp-content\/uploads\/2024\/10\/IMG_0241-1024x576.jpeg 1024w, http:\/\/greatgatsby.ca\/wp-content\/uploads\/2024\/10\/IMG_0241-300x169.jpeg 300w, http:\/\/greatgatsby.ca\/wp-content\/uploads\/2024\/10\/IMG_0241-768x432.jpeg 768w\" sizes=\"(max-width: 1024px) 100vw, 1024px\" \/>\t\t\t\t\t\t\t\t\t\t\t\t\t\t<\/div>\n\t\t\t\t\t\t<\/div>\n\t\t\t\t<\/div>\n\t\t\t\t\t\t<\/div>\n\t\t\t\t\t<\/div>\n\t\t<\/div>\n\t\t\t\t\t\t\t\t<\/div>\n\t\t\t\t\t<\/div>\n\t\t<\/section>\n\t\t\t\t<section class=\"elementor-section elementor-inner-section elementor-element elementor-element-09f8da7 elementor-section-boxed elementor-section-height-default elementor-section-height-default\" data-id=\"09f8da7\" data-element_type=\"section\">\n\t\t\t\t\t\t<div class=\"elementor-container elementor-column-gap-default\">\n\t\t\t\t\t\t\t<div class=\"elementor-row\">\n\t\t\t\t\t<div class=\"elementor-column elementor-col-50 elementor-inner-column elementor-element elementor-element-807e882\" data-id=\"807e882\" data-element_type=\"column\">\n\t\t\t<div class=\"elementor-column-wrap elementor-element-populated\">\n\t\t\t\t\t\t\t<div class=\"elementor-widget-wrap\">\n\t\t\t\t\t\t<div class=\"elementor-element elementor-element-ad2e518 elementor-widget elementor-widget-image\" data-id=\"ad2e518\" data-element_type=\"widget\" data-widget_type=\"image.default\">\n\t\t\t\t<div class=\"elementor-widget-container\">\n\t\t\t\t\t\t\t\t<div class=\"elementor-image\">\n\t\t\t\t\t\t\t\t\t\t\t\t<img width=\"1024\" height=\"557\" src=\"http:\/\/greatgatsby.ca\/wp-content\/uploads\/2024\/10\/IMG_0227-1024x557.jpeg\" class=\"attachment-large size-large\" alt=\"\" loading=\"lazy\" srcset=\"http:\/\/greatgatsby.ca\/wp-content\/uploads\/2024\/10\/IMG_0227-1024x557.jpeg 1024w, http:\/\/greatgatsby.ca\/wp-content\/uploads\/2024\/10\/IMG_0227-300x163.jpeg 300w, http:\/\/greatgatsby.ca\/wp-content\/uploads\/2024\/10\/IMG_0227-768x418.jpeg 768w, http:\/\/greatgatsby.ca\/wp-content\/uploads\/2024\/10\/IMG_0227.jpeg 2048w\" sizes=\"(max-width: 1024px) 100vw, 1024px\" \/>\t\t\t\t\t\t\t\t\t\t\t\t\t\t<\/div>\n\t\t\t\t\t\t<\/div>\n\t\t\t\t<\/div>\n\t\t\t\t\t\t<\/div>\n\t\t\t\t\t<\/div>\n\t\t<\/div>\n\t\t\t\t<div class=\"elementor-column elementor-col-50 elementor-inner-column elementor-element elementor-element-acad124\" data-id=\"acad124\" data-element_type=\"column\">\n\t\t\t<div class=\"elementor-column-wrap elementor-element-populated\">\n\t\t\t\t\t\t\t<div class=\"elementor-widget-wrap\">\n\t\t\t\t\t\t<div class=\"elementor-element elementor-element-89c5d26 elementor-widget elementor-widget-text-editor\" data-id=\"89c5d26\" data-element_type=\"widget\" data-widget_type=\"text-editor.default\">\n\t\t\t\t<div class=\"elementor-widget-container\">\n\t\t\t\t\t\t\t\t<div class=\"elementor-text-editor elementor-clearfix\">\n\t\t\t\t<p><strong>Conseils pour bien s\u2019occuper d\u2019un Maine Coon<\/strong><br \/>Afin de garantir la bonne sant\u00e9 et le bonheur de votre Maine Coon, voici quelques conseils \u00e0 suivre :<\/p><p>\u00a0<\/p><ol><li><strong style=\"color: var( --e-global-color-text ); font-family: var( --e-global-typography-text-font-family ), Sans-serif; font-size: 1.8rem;\">Brossage r\u00e9gulier<\/strong><span style=\"color: var( --e-global-color-text ); font-family: var( --e-global-typography-text-font-family ), Sans-serif; font-weight: var( --e-global-typography-text-font-weight ); font-size: 1.8rem;\"> : Le pelage \u00e9pais du Maine Coon n\u00e9cessite un brossage au moins une \u00e0 deux fois par semaine pour \u00e9viter les n\u0153uds et les boules de poils.<\/span><\/li><li><strong style=\"color: var( --e-global-color-text ); font-family: var( --e-global-typography-text-font-family ), Sans-serif; font-size: 1.8rem;\">Alimentation \u00e9quilibr\u00e9e<\/strong><span style=\"color: var( --e-global-color-text ); font-family: var( --e-global-typography-text-font-family ), Sans-serif; font-weight: var( --e-global-typography-text-font-weight ); font-size: 1.8rem;\"> : Optez pour une nourriture riche en prot\u00e9ines et adapt\u00e9e aux besoins de ce grand chat, tout en surveillant son poids.<\/span><\/li><\/ol><ul><li>\u00a0<\/li><\/ul>\t\t\t\t\t<\/div>\n\t\t\t\t\t\t<\/div>\n\t\t\t\t<\/div>\n\t\t\t\t\t\t<\/div>\n\t\t\t\t\t<\/div>\n\t\t<\/div>\n\t\t\t\t\t\t\t\t<\/div>\n\t\t\t\t\t<\/div>\n\t\t<\/section>\n\t\t\t\t<section class=\"elementor-section elementor-inner-section elementor-element elementor-element-840fc93 elementor-section-boxed elementor-section-height-default elementor-section-height-default\" data-id=\"840fc93\" data-element_type=\"section\">\n\t\t\t\t\t\t<div class=\"elementor-container elementor-column-gap-default\">\n\t\t\t\t\t\t\t<div class=\"elementor-row\">\n\t\t\t\t\t<div class=\"elementor-column elementor-col-50 elementor-inner-column elementor-element elementor-element-c7ad1e9\" data-id=\"c7ad1e9\" data-element_type=\"column\">\n\t\t\t<div class=\"elementor-column-wrap elementor-element-populated\">\n\t\t\t\t\t\t\t<div class=\"elementor-widget-wrap\">\n\t\t\t\t\t\t<div class=\"elementor-element elementor-element-f631900 elementor-widget elementor-widget-text-editor\" data-id=\"f631900\" data-element_type=\"widget\" data-widget_type=\"text-editor.default\">\n\t\t\t\t<div class=\"elementor-widget-container\">\n\t\t\t\t\t\t\t\t<div class=\"elementor-text-editor elementor-clearfix\">\n\t\t\t\t<ul style=\"background-color: #ffffff;\"><li><span style=\"font-weight: bold;\">Exercice<\/span>\u00a0: Fournissez-lui suffisamment d&rsquo;espace pour jouer et grimper. Un arbre \u00e0 chat est souvent un bon investissement.<\/li><li><span style=\"font-weight: bold;\">Visites v\u00e9t\u00e9rinaires<\/span>\u00a0: Assurez-vous que votre chat suit un programme r\u00e9gulier de soins v\u00e9t\u00e9rinaires, notamment les vaccins et contr\u00f4les de sant\u00e9 annuels.<\/li><li><span style=\"font-weight: bold;\">Stimulation mentale<\/span>\u00a0: Enrichissez son environnement avec des jeux interactifs, des puzzles alimentaires ou des jouets pour stimuler son intelligence.<\/li><\/ul>\t\t\t\t\t<\/div>\n\t\t\t\t\t\t<\/div>\n\t\t\t\t<\/div>\n\t\t\t\t\t\t<\/div>\n\t\t\t\t\t<\/div>\n\t\t<\/div>\n\t\t\t\t<div class=\"elementor-column elementor-col-50 elementor-inner-column elementor-element elementor-element-81a29b8\" data-id=\"81a29b8\" data-element_type=\"column\">\n\t\t\t<div class=\"elementor-column-wrap elementor-element-populated\">\n\t\t\t\t\t\t\t<div class=\"elementor-widget-wrap\">\n\t\t\t\t\t\t<div class=\"elementor-element elementor-element-2c1c371 elementor-widget elementor-widget-image\" data-id=\"2c1c371\" data-element_type=\"widget\" data-widget_type=\"image.default\">\n\t\t\t\t<div class=\"elementor-widget-container\">\n\t\t\t\t\t\t\t\t<div class=\"elementor-image\">\n\t\t\t\t\t\t\t\t\t\t\t\t<img width=\"1024\" height=\"683\" src=\"http:\/\/greatgatsby.ca\/wp-content\/uploads\/2021\/09\/88C0C7E7-2901-4442-80F2-58A53D56B3E3-1024x683.jpeg\" class=\"attachment-large size-large\" alt=\"\" loading=\"lazy\" srcset=\"http:\/\/greatgatsby.ca\/wp-content\/uploads\/2021\/09\/88C0C7E7-2901-4442-80F2-58A53D56B3E3-1024x683.jpeg 1024w, http:\/\/greatgatsby.ca\/wp-content\/uploads\/2021\/09\/88C0C7E7-2901-4442-80F2-58A53D56B3E3-300x200.jpeg 300w, http:\/\/greatgatsby.ca\/wp-content\/uploads\/2021\/09\/88C0C7E7-2901-4442-80F2-58A53D56B3E3-768x512.jpeg 768w, http:\/\/greatgatsby.ca\/wp-content\/uploads\/2021\/09\/88C0C7E7-2901-4442-80F2-58A53D56B3E3.jpeg 1254w\" sizes=\"(max-width: 1024px) 100vw, 1024px\" \/>\t\t\t\t\t\t\t\t\t\t\t\t\t\t<\/div>\n\t\t\t\t\t\t<\/div>\n\t\t\t\t<\/div>\n\t\t\t\t\t\t<\/div>\n\t\t\t\t\t<\/div>\n\t\t<\/div>\n\t\t\t\t\t\t\t\t<\/div>\n\t\t\t\t\t<\/div>\n\t\t<\/section>\n\t\t\t\t\t\t<\/div>\n\t\t\t\t\t<\/div>\n\t\t<\/div>\n\t\t\t\t\t\t\t\t<\/div>\n\t\t\t\t\t<\/div>\n\t\t<\/section>\n\t\t\t\t\t\t<\/div>\n\t\t\t\t\t\t<\/div>\n\t\t\t\t\t<\/div>","protected":false},"excerpt":{"rendered":"<p class=\"excerpt\">Conseils Introduction au Maine CoonLe Maine Coon est une des races de chats les plus populaires et reconnaissables au monde. Connu pour sa grande taille et sa personnalit\u00e9 attachante, ce chat robuste est originaire du nord-est des \u00c9tats-Unis. Avec son pelage \u00e9pais et imperm\u00e9able, son allure royale, et ses traits uniques comme ses touffes de [&hellip;]<\/p>","protected":false},"author":1,"featured_media":0,"parent":0,"menu_order":0,"comment_status":"closed","ping_status":"closed","template":"template-blank.php","meta":{"om_disable_all_campaigns":false,"_monsterinsights_skip_tracking":false,"_monsterinsights_sitenote_active":false,"_monsterinsights_sitenote_note":"","_monsterinsights_sitenote_category":0},"_links":{"self":[{"href":"http:\/\/greatgatsby.ca\/en\/wp-json\/wp\/v2\/pages\/75"}],"collection":[{"href":"http:\/\/greatgatsby.ca\/en\/wp-json\/wp\/v2\/pages"}],"about":[{"href":"http:\/\/greatgatsby.ca\/en\/wp-json\/wp\/v2\/types\/page"}],"author":[{"embeddable":true,"href":"http:\/\/greatgatsby.ca\/en\/wp-json\/wp\/v2\/users\/1"}],"replies":[{"embeddable":true,"href":"http:\/\/greatgatsby.ca\/en\/wp-json\/wp\/v2\/comments?post=75"}],"version-history":[{"count":16,"href":"http:\/\/greatgatsby.ca\/en\/wp-json\/wp\/v2\/pages\/75\/revisions"}],"predecessor-version":[{"id":2601,"href":"http:\/\/greatgatsby.ca\/en\/wp-json\/wp\/v2\/pages\/75\/revisions\/2601"}],"wp:attachment":[{"href":"http:\/\/greatgatsby.ca\/en\/wp-json\/wp\/v2\/media?parent=75"}],"curies":[{"name":"wp","href":"https:\/\/api.w.org\/{rel}","templated":true}]}}